{"id":1158,"date":"2022-06-15T07:41:41","date_gmt":"2022-06-15T04:41:41","guid":{"rendered":"https:\/\/nicktesting.kinsta.cloud\/shopdiko1\/?page_id=1158"},"modified":"2022-11-16T04:28:22","modified_gmt":"2022-11-16T01:28:22","slug":"hakkimizda","status":"publish","type":"page","link":"https:\/\/ekojera.com\/tr_tr\/hakkimizda\/","title":{"rendered":"HAKKIMIZDA"},"content":{"rendered":"\t\t<div data-elementor-type=\"wp-page\" data-elementor-id=\"1158\" class=\"elementor elementor-1158\" data-elementor-settings=\"{&quot;ha_cmc_init_switcher&quot;:&quot;no&quot;}\">\n\t\t\t\t\t\t<section class=\"elementor-section elementor-top-section elementor-element elementor-element-e9f3040 elementor-section-full_width elementor-section-height-default elementor-section-height-default wpr-particle-no wpr-jarallax-no wpr-parallax-no wpr-sticky-section-no\" data-id=\"e9f3040\" data-element_type=\"section\" data-e-type=\"section\" data-settings=\"{&quot;_ha_eqh_enable&quot;:false}\">\n\t\t\t\t\t\t<div class=\"elementor-container elementor-column-gap-default\">\n\t\t\t\t\t<div class=\"elementor-column elementor-col-100 elementor-top-column elementor-element elementor-element-9ea0c7d\" data-id=\"9ea0c7d\" data-element_type=\"column\" data-e-type=\"column\">\n\t\t\t<div class=\"elementor-widget-wrap elementor-element-populated\">\n\t\t\t\t\t\t<div class=\"elementor-element elementor-element-282108f elementor-widget-divider--view-line elementor-widget elementor-widget-divider\" data-id=\"282108f\" data-element_type=\"widget\" data-e-type=\"widget\" data-widget_type=\"divider.default\">\n\t\t\t\t<div class=\"elementor-widget-container\">\n\t\t\t\t\t\t\t<div class=\"elementor-divider\">\n\t\t\t<span class=\"elementor-divider-separator\">\n\t\t\t\t\t\t<\/span>\n\t\t<\/div>\n\t\t\t\t\t\t<\/div>\n\t\t\t\t<\/div>\n\t\t\t\t\t<\/div>\n\t\t<\/div>\n\t\t\t\t\t<\/div>\n\t\t<\/section>\n\t\t\t\t<section class=\"elementor-section elementor-top-section elementor-element elementor-element-866813b elementor-section-boxed elementor-section-height-default elementor-section-height-default wpr-particle-no wpr-jarallax-no wpr-parallax-no wpr-sticky-section-no\" data-id=\"866813b\" data-element_type=\"section\" data-e-type=\"section\" data-settings=\"{&quot;_ha_eqh_enable&quot;:false}\">\n\t\t\t\t\t\t<div class=\"elementor-container elementor-column-gap-default\">\n\t\t\t\t\t<div class=\"elementor-column elementor-col-100 elementor-top-column elementor-element elementor-element-8ff75ae\" data-id=\"8ff75ae\" data-element_type=\"column\" data-e-type=\"column\">\n\t\t\t<div class=\"elementor-widget-wrap elementor-element-populated\">\n\t\t\t\t\t\t<section class=\"elementor-section elementor-inner-section elementor-element elementor-element-f8ac803 elementor-section-boxed elementor-section-height-default elementor-section-height-default wpr-particle-no wpr-jarallax-no wpr-parallax-no wpr-sticky-section-no\" data-id=\"f8ac803\" data-element_type=\"section\" data-e-type=\"section\" data-settings=\"{&quot;_ha_eqh_enable&quot;:false}\">\n\t\t\t\t\t\t<div class=\"elementor-container elementor-column-gap-default\">\n\t\t\t\t\t<div class=\"elementor-column elementor-col-100 elementor-inner-column elementor-element elementor-element-4678735\" data-id=\"4678735\" data-element_type=\"column\" data-e-type=\"column\">\n\t\t\t<div class=\"elementor-widget-wrap elementor-element-populated\">\n\t\t\t\t\t\t<div class=\"elementor-element elementor-element-9b60189 elementor-widget elementor-widget-text-editor\" data-id=\"9b60189\" data-element_type=\"widget\" data-e-type=\"widget\" data-widget_type=\"text-editor.default\">\n\t\t\t\t<div class=\"elementor-widget-container\">\n\t\t\t\t\t\t\t\t\t<p>Sekt\u00f6rdeki 20 y\u0131l\u0131 a\u015fk\u0131n bilgi birikimi ve tecr\u00fcbesiyle yola \u00e7\u0131kan ekibimiz; 2021 y\u0131l\u0131 itibariyle EKOJERA markas\u0131yla m\u00fc\u015fterilerine \u00e7evreci, teknolojik, uzun \u00f6m\u00fcrl\u00fc ve kaliteli \u00fcr\u00fcnler sunmaya ba\u015flam\u0131\u015ft\u0131r. \u015eu an itibariyle Konya merkezde \u00fcretimine devam etmekte olan firmam\u0131z kaliteden asla \u00f6d\u00fcn vermeden teknik destek ve hizmet sunmaktad\u0131r.\u00a0Alan\u0131nda uzman teknik ekibimiz ve m\u00fc\u015fteri \u00f6zel isteklerini \u00f6n planda tutan \u00fcretim anlay\u0131\u015f\u0131m\u0131z, k\u0131sa zamanda bizi pazarda ad\u0131 an\u0131lan markalar\u0131n aras\u0131na sokmu\u015ftur. Elde etti\u011fimiz bu ba\u015far\u0131y\u0131; \u00fcretti\u011fimiz \u00fcr\u00fcnlerde uluslararas\u0131 kalite standartlar\u0131na uyarak, kaliteli, uzun \u00f6m\u00fcrl\u00fc, teknolojik ve \u00e7evreci \u00fcr\u00fcnler \u00fcreterek daha da per\u00e7inlemek ve m\u00fc\u015fterilerimizin kalbinde \u00f6l\u00fcms\u00fcz bir yer edinmek istiyoruz.\u00a0Bu \u00fcretim felsefesiyle; sipari\u015fin al\u0131m\u0131ndan \u00fcretimine ve sevkiyat\u0131na kadar olan s\u00fcreci etkin bir \u015fekilde izlemekte ve kontrol etmekteyiz. M\u00fc\u015fterilerimize sat\u0131\u015f \u00f6ncesinde ve sonras\u0131nda her zaman yanlar\u0131nda oldu\u011fumuzu hissettirmekte ve bize olan g\u00fcvenlerini bo\u015fa \u00e7\u0131karmamak ad\u0131na her proje de \u00fczerine biraz daha koyarak \u00e7al\u0131\u015fmaya devam etmekteyiz. EKOJERA Makine San. ve Tic. Ltd. \u015eti. Y\u00f6netim Kurulu<\/p>\t\t\t\t\t\t\t\t<\/div>\n\t\t\t\t<\/div>\n\t\t\t\t\t<\/div>\n\t\t<\/div>\n\t\t\t\t\t<\/div>\n\t\t<\/section>\n\t\t\t\t\t<\/div>\n\t\t<\/div>\n\t\t\t\t\t<\/div>\n\t\t<\/section>\n\t\t\t\t<section class=\"elementor-section elementor-top-section elementor-element elementor-element-7b2524b elementor-section-boxed elementor-section-height-default elementor-section-height-default wpr-particle-no wpr-jarallax-no wpr-parallax-no wpr-sticky-section-no\" data-id=\"7b2524b\" data-element_type=\"section\" data-e-type=\"section\" data-settings=\"{&quot;_ha_eqh_enable&quot;:false}\">\n\t\t\t\t\t\t<div class=\"elementor-container elementor-column-gap-default\">\n\t\t\t\t\t<div class=\"elementor-column elementor-col-100 elementor-top-column elementor-element elementor-element-34c5780\" data-id=\"34c5780\" data-element_type=\"column\" data-e-type=\"column\">\n\t\t\t<div class=\"elementor-widget-wrap elementor-element-populated\">\n\t\t\t\t\t\t<div class=\"elementor-element elementor-element-0fd2ba7 elementor-widget elementor-widget-premium-addon-banner\" data-id=\"0fd2ba7\" data-element_type=\"widget\" data-e-type=\"widget\" data-widget_type=\"premium-addon-banner.default\">\n\t\t\t\t<div class=\"elementor-widget-container\">\n\t\t\t\t\t\t\t<div class=\"premium-banner-ib premium-banner-min-height premium-banner-animation7 none premium-banner__effect-type2\">\r\n\t\t\t\t\t\t\t<div class=\"premium-banner-border\">\r\n\t\t\t\t\t<div class=\"premium-banner-br premium-banner-bleft premium-banner-brlr\"><\/div>\r\n\t\t\t\t\t<div class=\"premium-banner-br premium-banner-bright premium-banner-brlr\"><\/div>\r\n\t\t\t\t\t<div class=\"premium-banner-br premium-banner-btop premium-banner-brtb\"><\/div>\r\n\t\t\t\t\t<div class=\"premium-banner-br premium-banner-bottom premium-banner-brtb\"><\/div>\r\n\t\t\t\t<\/div>\r\n\t\t\t\t\t\t\t\t\t\t<img fetchpriority=\"high\" decoding=\"async\" width=\"760\" height=\"516\" src=\"https:\/\/ekojera.com\/wp-content\/uploads\/2022\/11\/world.png\" class=\"attachment-full size-full wp-image-4206\" alt=\"\" srcset=\"https:\/\/ekojera.com\/wp-content\/uploads\/2022\/11\/world.png 760w, https:\/\/ekojera.com\/wp-content\/uploads\/2022\/11\/world-300x204.png 300w\" sizes=\"(max-width: 760px) 100vw, 760px\" \/>\t\t\t\t\t\t\t\t\t<div class=\"premium-banner-ib-desc\">\r\n\t\t\t\t\t\t\t\t\t<div class=\"premium-banner-desc-centered\">\r\n\t\t\t\t\r\n\t\t\t\t\r\n\t\t\t\t\r\n\t\t\t\t\r\n\t\t\t\t\t\t\t\t<\/div>\r\n\t\t\t\t\t\t\t<\/div>\r\n\t\t\t\t\t<\/div>\r\n\r\n\t\t\t\t\t\t<\/div>\n\t\t\t\t<\/div>\n\t\t\t\t\t<\/div>\n\t\t<\/div>\n\t\t\t\t\t<\/div>\n\t\t<\/section>\n\t\t\t\t<\/div>\n\t\t","protected":false},"excerpt":{"rendered":"<p>Sekt\u00f6rdeki 20 y\u0131l\u0131 a\u015fk\u0131n bilgi birikimi ve tecr\u00fcbesiyle yola \u00e7\u0131kan ekibimiz; 2021 y\u0131l\u0131 itibariyle EKOJERA markas\u0131yla m\u00fc\u015fterilerine \u00e7evreci, teknolojik, uzun \u00f6m\u00fcrl\u00fc ve kaliteli \u00fcr\u00fcnler sunmaya ba\u015flam\u0131\u015ft\u0131r. \u015eu an itibariyle Konya merkezde \u00fcretimine devam etmekte olan firmam\u0131z kaliteden asla \u00f6d\u00fcn vermeden teknik destek ve hizmet sunmaktad\u0131r.\u00a0Alan\u0131nda uzman teknik ekibimiz ve m\u00fc\u015fteri \u00f6zel isteklerini \u00f6n planda tutan \u00fcretim anlay\u0131\u015f\u0131m\u0131z, k\u0131sa zamanda bizi pazarda ad\u0131 an\u0131lan markalar\u0131n aras\u0131na sokmu\u015ftur. Elde etti\u011fimiz bu ba\u015far\u0131y\u0131; \u00fcretti\u011fimiz \u00fcr\u00fcnlerde uluslararas\u0131 kalite standartlar\u0131na uyarak, kaliteli, uzun \u00f6m\u00fcrl\u00fc, teknolojik ve \u00e7evreci \u00fcr\u00fcnler \u00fcreterek daha da per\u00e7inlemek ve m\u00fc\u015fterilerimizin kalbinde \u00f6l\u00fcms\u00fcz bir yer edinmek istiyoruz.\u00a0Bu \u00fcretim felsefesiyle; sipari\u015fin al\u0131m\u0131ndan \u00fcretimine ve sevkiyat\u0131na kadar olan s\u00fcreci etkin bir \u015fekilde izlemekte ve kontrol etmekteyiz. M\u00fc\u015fterilerimize sat\u0131\u015f \u00f6ncesinde ve sonras\u0131nda her zaman yanlar\u0131nda oldu\u011fumuzu hissettirmekte ve bize olan g\u00fcvenlerini bo\u015fa \u00e7\u0131karmamak ad\u0131na her proje de \u00fczerine biraz daha koyarak \u00e7al\u0131\u015fmaya devam etmekteyiz. EKOJERA Makine San. ve Tic. Ltd. \u015eti. Y\u00f6netim Kurulu<\/p>\n","protected":false},"author":1,"featured_media":0,"parent":0,"menu_order":0,"comment_status":"closed","ping_status":"closed","template":"elementor_canvas","meta":{"footnotes":""},"class_list":["post-1158","page","type-page","status-publish","hentry"],"_links":{"self":[{"href":"https:\/\/ekojera.com\/tr_tr\/wp-json\/wp\/v2\/pages\/1158","targetHints":{"allow":["GET"]}}],"collection":[{"href":"https:\/\/ekojera.com\/tr_tr\/wp-json\/wp\/v2\/pages"}],"about":[{"href":"https:\/\/ekojera.com\/tr_tr\/wp-json\/wp\/v2\/types\/page"}],"author":[{"embeddable":true,"href":"https:\/\/ekojera.com\/tr_tr\/wp-json\/wp\/v2\/users\/1"}],"replies":[{"embeddable":true,"href":"https:\/\/ekojera.com\/tr_tr\/wp-json\/wp\/v2\/comments?post=1158"}],"version-history":[{"count":0,"href":"https:\/\/ekojera.com\/tr_tr\/wp-json\/wp\/v2\/pages\/1158\/revisions"}],"wp:attachment":[{"href":"https:\/\/ekojera.com\/tr_tr\/wp-json\/wp\/v2\/media?parent=1158"}],"curies":[{"name":"wp","href":"https:\/\/api.w.org\/{rel}","templated":true}]}}